{"id":4727,"date":"2025-08-19T18:34:46","date_gmt":"2025-08-19T16:34:46","guid":{"rendered":"https:\/\/mmarine.cloudsystems.hu\/product\/175br\/"},"modified":"2025-08-19T18:34:46","modified_gmt":"2025-08-19T16:34:46","slug":"175br","status":"publish","type":"product","link":"https:\/\/mmarine.cloudsystems.hu\/sk\/produkt\/175br\/","title":{"rendered":"175BR"},"content":{"rendered":"<p>Kit\u00fcn\u0151 \u00e1llapotban l\u00e9v\u0151, megk\u00edm\u00e9lt haj\u00f3, kev\u00e9s \u00fczem\u00f3r\u00e1val. Bimini ponyva, fed\u00e9lzet takar\u00f3 ponyva, t\u00e9li takar\u00f3 ponyva tartoz\u00e9k. Ut\u00e1nfut\u00f3 +200.000 Ft, 750 kg f\u00e9k n\u00e9lk\u00fcli, m\u0171sz.\u00e9rv: 2017.08. h\u00f3.<\/p>","protected":false},"excerpt":{"rendered":"<p>Kit\u00fcn\u0151 \u00e1llapotban l\u00e9v\u0151, megk\u00edm\u00e9lt haj\u00f3, kev\u00e9s \u00fczem\u00f3r\u00e1val. Bimini ponyva, fed\u00e9lzet takar\u00f3 ponyva, t\u00e9li takar\u00f3 ponyva tartoz\u00e9k. Ut\u00e1nfut\u00f3 +200.000 Ft, 750 kg f\u00e9k n\u00e9lk\u00fcli, m\u0171sz.\u00e9rv: 2017.08. h\u00f3.<\/p>","protected":false},"featured_media":4726,"template":"","meta":[],"product_cat":[142],"product_tag":[],"class_list":{"0":"post-4727","1":"product","2":"type-product","3":"status-publish","4":"has-post-thumbnail","6":"product_cat-hasznalt-hajok","8":"first","9":"instock","10":"shipping-taxable","11":"product-type-external"},"_links":{"self":[{"href":"https:\/\/mmarine.cloudsystems.hu\/sk\/wp-json\/wp\/v2\/product\/4727","targetHints":{"allow":["GET"]}}],"collection":[{"href":"https:\/\/mmarine.cloudsystems.hu\/sk\/wp-json\/wp\/v2\/product"}],"about":[{"href":"https:\/\/mmarine.cloudsystems.hu\/sk\/wp-json\/wp\/v2\/types\/product"}],"wp:featuredmedia":[{"embeddable":true,"href":"https:\/\/mmarine.cloudsystems.hu\/sk\/wp-json\/wp\/v2\/media\/4726"}],"wp:attachment":[{"href":"https:\/\/mmarine.cloudsystems.hu\/sk\/wp-json\/wp\/v2\/media?parent=4727"}],"wp:term":[{"taxonomy":"product_cat","embeddable":true,"href":"https:\/\/mmarine.cloudsystems.hu\/sk\/wp-json\/wp\/v2\/product_cat?post=4727"},{"taxonomy":"product_tag","embeddable":true,"href":"https:\/\/mmarine.cloudsystems.hu\/sk\/wp-json\/wp\/v2\/product_tag?post=4727"}],"curies":[{"name":"wp","href":"https:\/\/api.w.org\/{rel}","templated":true}]}}