{"id":4729,"date":"2025-08-19T18:34:46","date_gmt":"2025-08-19T16:34:46","guid":{"rendered":"https:\/\/mmarine.cloudsystems.hu\/product\/quicksilver-470-cruiser\/"},"modified":"2025-08-19T18:34:46","modified_gmt":"2025-08-19T16:34:46","slug":"quicksilver-470-cruiser","status":"publish","type":"product","link":"https:\/\/mmarine.cloudsystems.hu\/sk\/produkt\/quicksilver-470-cruiser\/","title":{"rendered":"Quicksilver 470 Cruiser"},"content":{"rendered":"<p>Eladva megtekinthet\u0151.&lt;br \/&gt;<br \/>\nQuicksilver 470 Cruiser megk\u00edm\u00e9lt sz\u00e9p \u00e1llapotban.  Ide\u00e1lis horg\u00e1szathoz r\u00f6vid csal\u00e1di kir\u00e1ndul\u00e1shoz. Kabinja V alak\u00fa \u00fcl\u0151garnit\u00far\u00e1val felszerelt amihez kieg\u00e9sz\u00edt\u0151 k\u00f6z\u00e9p p\u00e1rna is megvan \u00edgy 2 szem\u00e9lyes \u00e1ggy\u00e1 alak\u00edthat\u00f3. A haj\u00f3hoz + opci\u00f3 a f\u00e9kes rendsz\u00e1mos t\u00fczi horganyzott trailer ( lej\u00e1rt m\u0171szakival ) hib\u00e1tlan \u00e1llapotban..  + 200.000.- Ft  A haj\u00f3hoz be\u00e9p\u00edtett halradar is k\u00e9rhet\u0151 + 45.000.- Ft. Fed\u00e9lzet\u00e9n a p\u00e1rn\u00e1zott \u00fcl\u00e9sekhez asztalt is adunk amit megn\u00f6velt sz\u00e9lv\u00e9d\u0151 ponyva is v\u00e9d.<\/p>","protected":false},"excerpt":{"rendered":"<p>Eladva megtekinthet\u0151.&lt;br \/&gt; Quicksilver 470 Cruiser megk&iacute;m&eacute;lt sz&eacute;p &aacute;llapotban. Ide&aacute;lis horg&aacute;szathoz r&ouml;vid csal&aacute;di kir&aacute;ndul&aacute;shoz. Kabinja V alak&uacute; &uuml;l\u0151garnit&uacute;r&aacute;val felszerelt amihez kieg&eacute;sz&iacute;t\u0151 k&ouml;z&eacute;p p&aacute;rna is megvan &iacute;gy 2 szem&eacute;lyes &aacute;ggy&aacute; alak&iacute;that&oacute;. A haj&oacute;hoz + opci&oacute; a f&eacute;kes rendsz&aacute;mos t&uuml;zi horganyzott trailer ( lej&aacute;rt m\u0171szakival ) hib&aacute;tlan &aacute;llapotban.. + 200.000.- Ft A haj&oacute;hoz be&eacute;p&iacute;tett halradar is k&eacute;rhet\u0151 + 45.000.- Ft. Fed&eacute;lzet&eacute;n a p&aacute;rn&aacute;zott &uuml;l&eacute;sekhez asztalt is adunk amit megn&ouml;velt sz&eacute;lv&eacute;d\u0151 ponyva is v&eacute;d.<\/p>","protected":false},"featured_media":4728,"template":"","meta":[],"product_cat":[142],"product_tag":[],"class_list":{"0":"post-4729","1":"product","2":"type-product","3":"status-publish","4":"has-post-thumbnail","6":"product_cat-hasznalt-hajok","8":"first","9":"instock","10":"shipping-taxable","11":"product-type-external"},"_links":{"self":[{"href":"https:\/\/mmarine.cloudsystems.hu\/sk\/wp-json\/wp\/v2\/product\/4729","targetHints":{"allow":["GET"]}}],"collection":[{"href":"https:\/\/mmarine.cloudsystems.hu\/sk\/wp-json\/wp\/v2\/product"}],"about":[{"href":"https:\/\/mmarine.cloudsystems.hu\/sk\/wp-json\/wp\/v2\/types\/product"}],"wp:featuredmedia":[{"embeddable":true,"href":"https:\/\/mmarine.cloudsystems.hu\/sk\/wp-json\/wp\/v2\/media\/4728"}],"wp:attachment":[{"href":"https:\/\/mmarine.cloudsystems.hu\/sk\/wp-json\/wp\/v2\/media?parent=4729"}],"wp:term":[{"taxonomy":"product_cat","embeddable":true,"href":"https:\/\/mmarine.cloudsystems.hu\/sk\/wp-json\/wp\/v2\/product_cat?post=4729"},{"taxonomy":"product_tag","embeddable":true,"href":"https:\/\/mmarine.cloudsystems.hu\/sk\/wp-json\/wp\/v2\/product_tag?post=4729"}],"curies":[{"name":"wp","href":"https:\/\/api.w.org\/{rel}","templated":true}]}}