{"id":4733,"date":"2025-08-19T18:34:50","date_gmt":"2025-08-19T16:34:50","guid":{"rendered":"https:\/\/mmarine.cloudsystems.hu\/product\/250cs\/"},"modified":"2025-08-19T18:34:50","modified_gmt":"2025-08-19T16:34:50","slug":"250cs","status":"publish","type":"product","link":"https:\/\/mmarine.cloudsystems.hu\/sk\/produkt\/250cs\/","title":{"rendered":"250CS"},"content":{"rendered":"<p>Stingray 250 Cruiser tengeren is haszn\u00e1lt de kiv\u00e1l\u00f3 \u00e1llapotban. T\u00f6bb mint 2 \u00e9ve nem volt vizen. Extr\u00e1k kabin tet\u0151 napoz\u00f3, fed\u00e9lzet takar\u00f3, \u00e1ll\u00f3 bimini tet\u0151 oldal ablakokkal, elektromos horgony cs\u00f6rl\u0151, 500 Wattos inverter, elektromos trimm t\u00e1bl\u00e1k, orr kil\u00e9p\u0151, mikros\u00fct\u0151, h\u0171t\u0151, hideg meleg v\u00edzrendszer, TV&#8230; Trailer + 490.000.-<\/p>","protected":false},"excerpt":{"rendered":"<p>Stingray 250 Cruiser tengeren is haszn\u00e1lt de kiv\u00e1l\u00f3 \u00e1llapotban. T\u00f6bb mint 2 \u00e9ve nem volt vizen. Extr\u00e1k kabin tet\u0151 napoz\u00f3, fed\u00e9lzet takar\u00f3, \u00e1ll\u00f3 bimini tet\u0151 oldal ablakokkal, elektromos horgony cs\u00f6rl\u0151, 500 Wattos inverter, elektromos trimm t\u00e1bl\u00e1k, orr kil\u00e9p\u0151, mikros\u00fct\u0151, h\u0171t\u0151, hideg meleg v\u00edzrendszer, TV&#8230; Trailer + 490.000.-<\/p>","protected":false},"featured_media":4732,"template":"","meta":[],"product_cat":[142],"product_tag":[],"class_list":{"0":"post-4733","1":"product","2":"type-product","3":"status-publish","4":"has-post-thumbnail","6":"product_cat-hasznalt-hajok","8":"first","9":"instock","10":"shipping-taxable","11":"product-type-external"},"_links":{"self":[{"href":"https:\/\/mmarine.cloudsystems.hu\/sk\/wp-json\/wp\/v2\/product\/4733","targetHints":{"allow":["GET"]}}],"collection":[{"href":"https:\/\/mmarine.cloudsystems.hu\/sk\/wp-json\/wp\/v2\/product"}],"about":[{"href":"https:\/\/mmarine.cloudsystems.hu\/sk\/wp-json\/wp\/v2\/types\/product"}],"wp:featuredmedia":[{"embeddable":true,"href":"https:\/\/mmarine.cloudsystems.hu\/sk\/wp-json\/wp\/v2\/media\/4732"}],"wp:attachment":[{"href":"https:\/\/mmarine.cloudsystems.hu\/sk\/wp-json\/wp\/v2\/media?parent=4733"}],"wp:term":[{"taxonomy":"product_cat","embeddable":true,"href":"https:\/\/mmarine.cloudsystems.hu\/sk\/wp-json\/wp\/v2\/product_cat?post=4733"},{"taxonomy":"product_tag","embeddable":true,"href":"https:\/\/mmarine.cloudsystems.hu\/sk\/wp-json\/wp\/v2\/product_tag?post=4733"}],"curies":[{"name":"wp","href":"https:\/\/api.w.org\/{rel}","templated":true}]}}