{"id":4769,"date":"2025-08-19T18:35:01","date_gmt":"2025-08-19T16:35:01","guid":{"rendered":"https:\/\/mmarine.cloudsystems.hu\/product\/180-fs\/"},"modified":"2025-08-19T18:35:01","modified_gmt":"2025-08-19T16:35:01","slug":"180-fs","status":"publish","type":"product","link":"https:\/\/mmarine.cloudsystems.hu\/sk\/produkt\/180-fs\/","title":{"rendered":"180 FS"},"content":{"rendered":"<p>Monterey 180 FS motoros kishaj\u00f3  Chopper \/ Feh\u00e9r sz\u00ednben. Magyarorsz\u00e1gon els\u0151 forgalomba helyezett, k\u00e9pviselet\u00fcnkben v\u00e1s\u00e1rolt, t\u00e9li id\u0151szakban fedett f\u0171t\u00f6tt helyen t\u00e1rolt, ami l\u00e1tszik is az \u00e1llapot\u00e1n. Teljesen \u00fajszer\u0171 \u00e1llapot, \u00fagy a k\u00e1rp\u00edt a haj\u00f3test \u00e9s a motor is. Frisssen szervizelve, \u00faj Banner akumul\u00e1torral, v\u00edzker\u00e9k \u00e9s termoszt\u00e1t cser\u00e9lve, ezen fel\u00fcl a haj\u00f3m\u0171ben teljesk\u00f6r\u0171 fel\u00faj\u00edt\u00e1s, gumi alkatr\u00e9szek, szimeringek cser\u00e9je megt\u00f6rt\u00e9nt! . Fed\u00e9lzet takar\u00f3 ponyva, bimini ponyva a kishaj\u00f3 tartoz\u00e9ka.<\/p>","protected":false},"excerpt":{"rendered":"<p>Monterey 180 FS motoros kishaj\u00f3 Chopper \/ Feh\u00e9r sz\u00ednben. Magyarorsz\u00e1gon els\u0151 forgalomba helyezett, k\u00e9pviselet\u00fcnkben v\u00e1s\u00e1rolt, t\u00e9li id\u0151szakban fedett f\u0171t\u00f6tt helyen t\u00e1rolt, ami l\u00e1tszik is az \u00e1llapot\u00e1n. Teljesen \u00fajszer\u0171 \u00e1llapot, \u00fagy a k\u00e1rp\u00edt a haj\u00f3test \u00e9s a motor is. Frisssen szervizelve, \u00faj Banner akumul\u00e1torral, v\u00edzker\u00e9k \u00e9s termoszt\u00e1t cser\u00e9lve, ezen fel\u00fcl a haj\u00f3m\u0171ben teljesk\u00f6r\u0171 fel\u00faj\u00edt\u00e1s, gumi alkatr\u00e9szek, szimeringek cser\u00e9je megt\u00f6rt\u00e9nt! . Fed\u00e9lzet takar\u00f3 ponyva, bimini ponyva a kishaj\u00f3 tartoz\u00e9ka.<\/p>","protected":false},"featured_media":4768,"template":"","meta":[],"product_cat":[142],"product_tag":[],"class_list":{"0":"post-4769","1":"product","2":"type-product","3":"status-publish","4":"has-post-thumbnail","6":"product_cat-hasznalt-hajok","8":"first","9":"instock","10":"sale","11":"shipping-taxable","12":"purchasable","13":"product-type-simple"},"_links":{"self":[{"href":"https:\/\/mmarine.cloudsystems.hu\/sk\/wp-json\/wp\/v2\/product\/4769","targetHints":{"allow":["GET"]}}],"collection":[{"href":"https:\/\/mmarine.cloudsystems.hu\/sk\/wp-json\/wp\/v2\/product"}],"about":[{"href":"https:\/\/mmarine.cloudsystems.hu\/sk\/wp-json\/wp\/v2\/types\/product"}],"wp:featuredmedia":[{"embeddable":true,"href":"https:\/\/mmarine.cloudsystems.hu\/sk\/wp-json\/wp\/v2\/media\/4768"}],"wp:attachment":[{"href":"https:\/\/mmarine.cloudsystems.hu\/sk\/wp-json\/wp\/v2\/media?parent=4769"}],"wp:term":[{"taxonomy":"product_cat","embeddable":true,"href":"https:\/\/mmarine.cloudsystems.hu\/sk\/wp-json\/wp\/v2\/product_cat?post=4769"},{"taxonomy":"product_tag","embeddable":true,"href":"https:\/\/mmarine.cloudsystems.hu\/sk\/wp-json\/wp\/v2\/product_tag?post=4769"}],"curies":[{"name":"wp","href":"https:\/\/api.w.org\/{rel}","templated":true}]}}