{"id":4773,"date":"2025-08-19T18:35:04","date_gmt":"2025-08-19T16:35:04","guid":{"rendered":"https:\/\/mmarine.cloudsystems.hu\/product\/195-cs\/"},"modified":"2025-08-19T18:35:04","modified_gmt":"2025-08-19T16:35:04","slug":"195-cs","status":"publish","type":"product","link":"https:\/\/mmarine.cloudsystems.hu\/sk\/produkt\/195-cs\/","title":{"rendered":"195 CS"},"content":{"rendered":"<p>Stingray 195 CS Volvo Pernta 135 LE motorral. Megtekinthet\u0151 el\u0151re egyeztetett id\u0151pontban Budapesten. K\u00fcls\u0151 sz\u00edn feh\u00e9r , bels\u0151 sz\u00edn feh\u00e9r , sz\u00fcrke, piros dekor cs\u00edkokkal. Fel\u00faj\u00edtott alga v\u00e9delemmel sz\u00e9p \u00e1llapotban. A Stingray indul\u00f3 kabinos haj\u00f3ja szalonunkban megtekinthet\u0151.<\/p>","protected":false},"excerpt":{"rendered":"<p>Stingray 195 CS Volvo Pernta 135 LE motorral. Megtekinthet\u0151 el\u0151re egyeztetett id\u0151pontban Budapesten. K\u00fcls\u0151 sz\u00edn feh\u00e9r , bels\u0151 sz\u00edn feh\u00e9r , sz\u00fcrke, piros dekor cs\u00edkokkal. Fel\u00faj\u00edtott alga v\u00e9delemmel sz\u00e9p \u00e1llapotban. A Stingray indul\u00f3 kabinos haj\u00f3ja szalonunkban megtekinthet\u0151.<\/p>","protected":false},"featured_media":4772,"template":"","meta":[],"product_cat":[142],"product_tag":[],"class_list":{"0":"post-4773","1":"product","2":"type-product","3":"status-publish","4":"has-post-thumbnail","6":"product_cat-hasznalt-hajok","8":"first","9":"instock","10":"shipping-taxable","11":"product-type-external"},"_links":{"self":[{"href":"https:\/\/mmarine.cloudsystems.hu\/sk\/wp-json\/wp\/v2\/product\/4773","targetHints":{"allow":["GET"]}}],"collection":[{"href":"https:\/\/mmarine.cloudsystems.hu\/sk\/wp-json\/wp\/v2\/product"}],"about":[{"href":"https:\/\/mmarine.cloudsystems.hu\/sk\/wp-json\/wp\/v2\/types\/product"}],"wp:featuredmedia":[{"embeddable":true,"href":"https:\/\/mmarine.cloudsystems.hu\/sk\/wp-json\/wp\/v2\/media\/4772"}],"wp:attachment":[{"href":"https:\/\/mmarine.cloudsystems.hu\/sk\/wp-json\/wp\/v2\/media?parent=4773"}],"wp:term":[{"taxonomy":"product_cat","embeddable":true,"href":"https:\/\/mmarine.cloudsystems.hu\/sk\/wp-json\/wp\/v2\/product_cat?post=4773"},{"taxonomy":"product_tag","embeddable":true,"href":"https:\/\/mmarine.cloudsystems.hu\/sk\/wp-json\/wp\/v2\/product_tag?post=4773"}],"curies":[{"name":"wp","href":"https:\/\/api.w.org\/{rel}","templated":true}]}}