{"id":4776,"date":"2025-08-19T18:35:06","date_gmt":"2025-08-19T16:35:06","guid":{"rendered":"https:\/\/mmarine.cloudsystems.hu\/product\/selva-gt-400\/"},"modified":"2025-08-19T18:35:06","modified_gmt":"2025-08-19T16:35:06","slug":"selva-gt-400","status":"publish","type":"product","link":"https:\/\/mmarine.cloudsystems.hu\/sk\/produkt\/selva-gt-400\/","title":{"rendered":"Selva GT 400"},"content":{"rendered":"<p>Selva Gt 400 merev alj\u00fa RIB gumi cs\u00f3nak. Sz\u00e9p megk\u00edm\u00e9lt \u00e1llapotba a haj\u00f3, \u00e9s a motor is. A test alj\u00e1n pici karcol\u00e1sok a parti ki\u00e1ll\u00e1sok miatt. A haj\u00f3 tartoz\u00e9ka term\u00e9szetesen a pumpa, horgony, puffer, r\u00e1di\u00f3, \u00e9s term\u00e9szetesen vizsg\u00e1s 500 kg os trailer ( 2018 05. )<\/p>","protected":false},"excerpt":{"rendered":"<p>Selva Gt 400 merev alj\u00fa RIB gumi cs\u00f3nak. Sz\u00e9p megk\u00edm\u00e9lt \u00e1llapotba a haj\u00f3, \u00e9s a motor is. A test alj\u00e1n pici karcol\u00e1sok a parti ki\u00e1ll\u00e1sok miatt. A haj\u00f3 tartoz\u00e9ka term\u00e9szetesen a pumpa, horgony, puffer, r\u00e1di\u00f3, \u00e9s term\u00e9szetesen vizsg\u00e1s 500 kg os trailer ( 2018 05. )<\/p>","protected":false},"featured_media":4775,"template":"","meta":[],"product_cat":[142],"product_tag":[],"class_list":{"0":"post-4776","1":"product","2":"type-product","3":"status-publish","4":"has-post-thumbnail","6":"product_cat-hasznalt-hajok","8":"first","9":"outofstock","10":"sale","11":"shipping-taxable","12":"purchasable","13":"product-type-simple"},"_links":{"self":[{"href":"https:\/\/mmarine.cloudsystems.hu\/sk\/wp-json\/wp\/v2\/product\/4776","targetHints":{"allow":["GET"]}}],"collection":[{"href":"https:\/\/mmarine.cloudsystems.hu\/sk\/wp-json\/wp\/v2\/product"}],"about":[{"href":"https:\/\/mmarine.cloudsystems.hu\/sk\/wp-json\/wp\/v2\/types\/product"}],"wp:featuredmedia":[{"embeddable":true,"href":"https:\/\/mmarine.cloudsystems.hu\/sk\/wp-json\/wp\/v2\/media\/4775"}],"wp:attachment":[{"href":"https:\/\/mmarine.cloudsystems.hu\/sk\/wp-json\/wp\/v2\/media?parent=4776"}],"wp:term":[{"taxonomy":"product_cat","embeddable":true,"href":"https:\/\/mmarine.cloudsystems.hu\/sk\/wp-json\/wp\/v2\/product_cat?post=4776"},{"taxonomy":"product_tag","embeddable":true,"href":"https:\/\/mmarine.cloudsystems.hu\/sk\/wp-json\/wp\/v2\/product_tag?post=4776"}],"curies":[{"name":"wp","href":"https:\/\/api.w.org\/{rel}","templated":true}]}}