{"id":4778,"date":"2025-08-19T18:35:08","date_gmt":"2025-08-19T16:35:08","guid":{"rendered":"https:\/\/mmarine.cloudsystems.hu\/product\/windy-27-cc\/"},"modified":"2025-08-19T18:35:08","modified_gmt":"2025-08-19T16:35:08","slug":"windy-27-cc","status":"publish","type":"product","link":"https:\/\/mmarine.cloudsystems.hu\/sk\/produkt\/windy-27-cc\/","title":{"rendered":"Windy 27 CC"},"content":{"rendered":"<p>Windy Boats &aacute;ltal gy&aacute;rtott haj&oacute;. A haj&oacute; eredetileg 2 OMC 240 motoros volt amik jelenleg nincsenek a haj&oacute;ba. Ut&aacute;nfut&oacute; forgalmi lej&aacute;rt de &uuml;zembe helyezhet\u0151.&lt;br \/&gt;<br \/>\nA haj&oacute; a Magnum Marine telep&eacute;n megtekinthet\u0151.&lt;br \/&gt;<br \/>\nTervezz\u00fck az egy motoross\u00e1 alak\u00edt\u00e1s\u00e1t de motor n\u00e9lk\u00fcl is \u00e9rt\u00e9kes\u00edtj\u00fck. Egyedi magas t\u00e1g teret k\u00edn\u00e1l\u00f3 12 szem\u00e9lyre vizsg\u00e1ztatott haj\u00f3.<\/p>","protected":false},"excerpt":{"rendered":"<p>Windy Boats &aacute;ltal gy&aacute;rtott haj&oacute;. A haj&oacute; eredetileg 2 OMC 240 motoros volt amik jelenleg nincsenek a haj&oacute;ba. Ut&aacute;nfut&oacute; forgalmi lej&aacute;rt de &uuml;zembe helyezhet\u0151.&lt;br \/&gt; A haj&oacute; a Magnum Marine telep&eacute;n megtekinthet\u0151.&lt;br \/&gt; Tervezz&uuml;k az egy motoross&aacute; alak&iacute;t&aacute;s&aacute;t de motor n&eacute;lk&uuml;l is &eacute;rt&eacute;kes&iacute;tj&uuml;k. Egyedi magas t&aacute;g teret k&iacute;n&aacute;l&oacute; 12 szem&eacute;lyre vizsg&aacute;ztatott haj&oacute;.<\/p>","protected":false},"featured_media":4777,"template":"","meta":[],"product_cat":[142],"product_tag":[],"class_list":{"0":"post-4778","1":"product","2":"type-product","3":"status-publish","4":"has-post-thumbnail","6":"product_cat-hasznalt-hajok","8":"first","9":"instock","10":"shipping-taxable","11":"product-type-external"},"_links":{"self":[{"href":"https:\/\/mmarine.cloudsystems.hu\/sk\/wp-json\/wp\/v2\/product\/4778","targetHints":{"allow":["GET"]}}],"collection":[{"href":"https:\/\/mmarine.cloudsystems.hu\/sk\/wp-json\/wp\/v2\/product"}],"about":[{"href":"https:\/\/mmarine.cloudsystems.hu\/sk\/wp-json\/wp\/v2\/types\/product"}],"wp:featuredmedia":[{"embeddable":true,"href":"https:\/\/mmarine.cloudsystems.hu\/sk\/wp-json\/wp\/v2\/media\/4777"}],"wp:attachment":[{"href":"https:\/\/mmarine.cloudsystems.hu\/sk\/wp-json\/wp\/v2\/media?parent=4778"}],"wp:term":[{"taxonomy":"product_cat","embeddable":true,"href":"https:\/\/mmarine.cloudsystems.hu\/sk\/wp-json\/wp\/v2\/product_cat?post=4778"},{"taxonomy":"product_tag","embeddable":true,"href":"https:\/\/mmarine.cloudsystems.hu\/sk\/wp-json\/wp\/v2\/product_tag?post=4778"}],"curies":[{"name":"wp","href":"https:\/\/api.w.org\/{rel}","templated":true}]}}