{"id":4843,"date":"2025-08-19T18:35:22","date_gmt":"2025-08-19T16:35:22","guid":{"rendered":"https:\/\/mmarine.cloudsystems.hu\/product\/formeti-49-sl\/"},"modified":"2025-08-19T18:35:22","modified_gmt":"2025-08-19T16:35:22","slug":"formeti-49-sl","status":"publish","type":"product","link":"https:\/\/mmarine.cloudsystems.hu\/sk\/produkt\/formeti-49-sl\/","title":{"rendered":"FORMETI 49 SL"},"content":{"rendered":"<p>Lefoglalva.&lt;br \/&gt;<br \/>\nV alj\u00fa gumihaj\u00f3, Mercury 100 LE, 4 \u00fctem\u0171 k\u00fclmotorral, 100 literes tankkal, wakeboard \u00e1llv\u00e1nnyal, melyen \u00e1rny\u00e9kol\u00f3 ponyva is van. Tartoz\u00e9k m\u00e9g: sz\u00e1ll\u00ed\u00f3 ponyva, napoz\u00f3 kialak\u00edt\u00e1s, fed\u00e9lzeti asztal, m\u00e9lys\u00e9gm\u00e9r\u0151, teljes m\u0171szerezetts\u00e9g (fordulatsz\u00e1m, trim, \u00fczemanyag, sebess\u00e9g). Egyszer haszn\u00e1lt, teljesen \u00faj \u00e1llapotban. A test \u00e9s a propeller is s\u00e9r\u00fcl\u00e9s mentes. G\u00f6rg\u0151s ut\u00e1nfut\u00f3 k\u00fcl\u00f6n megv\u00e1s\u00e1rolhat\u00f3 hozz\u00e1.<\/p>","protected":false},"excerpt":{"rendered":"<p>Lefoglalva.&lt;br \/&gt; V alj&uacute; gumihaj&oacute;, Mercury 100 LE, 4 &uuml;tem\u0171 k&uuml;lmotorral, 100 literes tankkal, wakeboard &aacute;llv&aacute;nnyal, melyen &aacute;rny&eacute;kol&oacute; ponyva is van. Tartoz&eacute;k m&eacute;g: sz&aacute;ll&iacute;&oacute; ponyva, napoz&oacute; kialak&iacute;t&aacute;s, fed&eacute;lzeti asztal, m&eacute;lys&eacute;gm&eacute;r\u0151, teljes m\u0171szerezetts&eacute;g (fordulatsz&aacute;m, trim, &uuml;zemanyag, sebess&eacute;g). Egyszer haszn&aacute;lt, teljesen &uacute;j &aacute;llapotban. A test &eacute;s a propeller is s&eacute;r&uuml;l&eacute;s mentes. G&ouml;rg\u0151s ut&aacute;nfut&oacute; k&uuml;l&ouml;n megv&aacute;s&aacute;rolhat&oacute; hozz&aacute;.<\/p>","protected":false},"featured_media":4842,"template":"","meta":[],"product_cat":[142],"product_tag":[],"class_list":{"0":"post-4843","1":"product","2":"type-product","3":"status-publish","4":"has-post-thumbnail","6":"product_cat-hasznalt-hajok","8":"first","9":"outofstock","10":"shipping-taxable","11":"purchasable","12":"product-type-simple"},"_links":{"self":[{"href":"https:\/\/mmarine.cloudsystems.hu\/sk\/wp-json\/wp\/v2\/product\/4843","targetHints":{"allow":["GET"]}}],"collection":[{"href":"https:\/\/mmarine.cloudsystems.hu\/sk\/wp-json\/wp\/v2\/product"}],"about":[{"href":"https:\/\/mmarine.cloudsystems.hu\/sk\/wp-json\/wp\/v2\/types\/product"}],"wp:featuredmedia":[{"embeddable":true,"href":"https:\/\/mmarine.cloudsystems.hu\/sk\/wp-json\/wp\/v2\/media\/4842"}],"wp:attachment":[{"href":"https:\/\/mmarine.cloudsystems.hu\/sk\/wp-json\/wp\/v2\/media?parent=4843"}],"wp:term":[{"taxonomy":"product_cat","embeddable":true,"href":"https:\/\/mmarine.cloudsystems.hu\/sk\/wp-json\/wp\/v2\/product_cat?post=4843"},{"taxonomy":"product_tag","embeddable":true,"href":"https:\/\/mmarine.cloudsystems.hu\/sk\/wp-json\/wp\/v2\/product_tag?post=4843"}],"curies":[{"name":"wp","href":"https:\/\/api.w.org\/{rel}","templated":true}]}}