{"id":4857,"date":"2025-08-19T18:35:25","date_gmt":"2025-08-19T16:35:25","guid":{"rendered":"https:\/\/mmarine.cloudsystems.hu\/product\/180\/"},"modified":"2025-08-19T18:35:25","modified_gmt":"2025-08-19T16:35:25","slug":"180","status":"publish","type":"product","link":"https:\/\/mmarine.cloudsystems.hu\/sk\/produkt\/180\/","title":{"rendered":"180"},"content":{"rendered":"<p>Monterey 180 FS megk&iacute;m&eacute;lt csak belf&ouml;ld&ouml;n haszn&aacute;lt. &Uuml;zem&oacute;ra sz&aacute;m&iacute;t&oacute;g&eacute;ppel ellen\u0151rz&ouml;tt 100 &oacute;ra alatt. &Aacute;llapota is ennek megfelel\u0151en k&iacute;v&aacute;l&oacute;. A haj&oacute;n gy&aacute;ri f&uuml;rd\u0151platform felszerelve.&lt;br \/&gt;<br \/>\n&Aacute;r r&ouml;videsen.&lt;br \/&gt;<br \/>\nHaj\u00f3 r\u00f6videsen megtekinthet\u0151.<\/p>","protected":false},"excerpt":{"rendered":"<p>Monterey 180 FS megk&iacute;m&eacute;lt csak belf&ouml;ld&ouml;n haszn&aacute;lt. &Uuml;zem&oacute;ra sz&aacute;m&iacute;t&oacute;g&eacute;ppel ellen\u0151rz&ouml;tt 100 &oacute;ra alatt. &Aacute;llapota is ennek megfelel\u0151en k&iacute;v&aacute;l&oacute;. A haj&oacute;n gy&aacute;ri f&uuml;rd\u0151platform felszerelve.&lt;br \/&gt; &Aacute;r r&ouml;videsen.&lt;br \/&gt; Haj&oacute; r&ouml;videsen megtekinthet\u0151.<\/p>","protected":false},"featured_media":0,"template":"","meta":[],"product_cat":[142],"product_tag":[],"class_list":{"0":"post-4857","1":"product","2":"type-product","3":"status-publish","5":"product_cat-hasznalt-hajok","7":"first","8":"instock","9":"shipping-taxable","10":"product-type-external"},"_links":{"self":[{"href":"https:\/\/mmarine.cloudsystems.hu\/sk\/wp-json\/wp\/v2\/product\/4857","targetHints":{"allow":["GET"]}}],"collection":[{"href":"https:\/\/mmarine.cloudsystems.hu\/sk\/wp-json\/wp\/v2\/product"}],"about":[{"href":"https:\/\/mmarine.cloudsystems.hu\/sk\/wp-json\/wp\/v2\/types\/product"}],"wp:attachment":[{"href":"https:\/\/mmarine.cloudsystems.hu\/sk\/wp-json\/wp\/v2\/media?parent=4857"}],"wp:term":[{"taxonomy":"product_cat","embeddable":true,"href":"https:\/\/mmarine.cloudsystems.hu\/sk\/wp-json\/wp\/v2\/product_cat?post=4857"},{"taxonomy":"product_tag","embeddable":true,"href":"https:\/\/mmarine.cloudsystems.hu\/sk\/wp-json\/wp\/v2\/product_tag?post=4857"}],"curies":[{"name":"wp","href":"https:\/\/api.w.org\/{rel}","templated":true}]}}