{"id":4889,"date":"2025-08-19T18:35:33","date_gmt":"2025-08-19T16:35:33","guid":{"rendered":"https:\/\/mmarine.cloudsystems.hu\/product\/273cc\/"},"modified":"2025-08-19T18:35:33","modified_gmt":"2025-08-19T16:35:33","slug":"273cc","status":"publish","type":"product","link":"https:\/\/mmarine.cloudsystems.hu\/sk\/produkt\/273cc\/","title":{"rendered":"273CC"},"content":{"rendered":"<p>Stingray 273 CC Rendelhet\u0151 &lt;br \/&gt;<br \/>\nN&aacute;lunk jobb &aacute;r nincs Eur&oacute;p&aacute;ban? J&ouml;jj&ouml;n el Budapest M0\/M3 aut&oacute;p&aacute;lya tal&aacute;lkoz&aacute;s&aacute;n&aacute;l l&eacute;v\u0151 Magnum Marine szalonunkba hogy egy&uuml;tt &ouml;ssze&aacute;ll&iacute;thassuk &aacute;lmai haj&oacute;j&aacute;t. Az Usa D&eacute;l Carolina &aacute;llam&aacute;ban gy&aacute;rtott haj&oacute;k sportos vezethet\u0151s&eacute;g&uuml;kkel, csal&aacute;di komfortos kialak&iacute;t&aacute;sukkal, &eacute;s a szabadalmaztatott Z s&iacute;k&uacute; haj&oacute; testnek ( Z Plane Hull ) k&ouml;sz&ouml;nhet\u0151en k&iacute;v&aacute;l&oacute; sikl&aacute;si, fordul&aacute;si, &eacute;s ebben a kateg&oacute;ri&aacute;ban szinte megk&ouml;zel&iacute;thetetlen&uuml;l kev&eacute;s &uuml;zemanyag fogyaszt&aacute;ssal szeretn&eacute;k elnyerni a 18-25 l&aacute;b hossz&uacute;s&aacute;g&uacute; haj&oacute;k ir&aacute;nt &eacute;rdekl\u0151d\u0151k figyelm&eacute;t. Stingray ( 1979 ) er\u0151, &eacute;s sebess&eacute;g majd 40 &eacute;ve. &lt;br \/&gt;<br \/>\nMagnum Marine 2002 es megalakul&aacute;sa &oacute;ta k&ouml;zel 1000 &uacute;j haj&oacute;t &eacute;rt&eacute;kes&iacute;tett 18, &eacute;s 37.5 l&aacute;b k&ouml;z&ouml;tt. F&aacute;radjon el hozz&aacute;nk &Ouml;n is, &eacute;s legyen boldog el&eacute;gedett &uacute;j haj&oacute; tulajdonos. &lt;br \/&gt;<br \/>\nTov&aacute;bbi k&eacute;pek, r&eacute;szletek, virtu&aacute;lis utaz&aacute;s a gy&aacute;ri web oldalon.&lt;br \/&gt;<br \/>\nhttps:\/\/stingrayboats.com\/models\/273cc-center-console\/<\/p>","protected":false},"excerpt":{"rendered":"<p>Stingray 273 CC Rendelhet\u0151 &lt;br \/&gt; N&aacute;lunk jobb &aacute;r nincs Eur&oacute;p&aacute;ban? J&ouml;jj&ouml;n el Budapest M0\/M3 aut&oacute;p&aacute;lya tal&aacute;lkoz&aacute;s&aacute;n&aacute;l l&eacute;v\u0151 Magnum Marine szalonunkba hogy egy&uuml;tt &ouml;ssze&aacute;ll&iacute;thassuk &aacute;lmai haj&oacute;j&aacute;t. Az Usa D&eacute;l Carolina &aacute;llam&aacute;ban gy&aacute;rtott haj&oacute;k sportos vezethet\u0151s&eacute;g&uuml;kkel, csal&aacute;di komfortos kialak&iacute;t&aacute;sukkal, &eacute;s a szabadalmaztatott Z s&iacute;k&uacute; haj&oacute; testnek ( Z Plane Hull ) k&ouml;sz&ouml;nhet\u0151en k&iacute;v&aacute;l&oacute; sikl&aacute;si, fordul&aacute;si, &eacute;s ebben a kateg&oacute;ri&aacute;ban szinte megk&ouml;zel&iacute;thetetlen&uuml;l kev&eacute;s &uuml;zemanyag fogyaszt&aacute;ssal szeretn&eacute;k elnyerni a 18-25 l&aacute;b hossz&uacute;s&aacute;g&uacute; haj&oacute;k ir&aacute;nt &eacute;rdekl\u0151d\u0151k figyelm&eacute;t. Stingray ( 1979 ) er\u0151, &eacute;s sebess&eacute;g majd 40 &eacute;ve. &lt;br \/&gt; Magnum Marine 2002 es megalakul&aacute;sa &oacute;ta k&ouml;zel 1000 &uacute;j haj&oacute;t &eacute;rt&eacute;kes&iacute;tett 18, &eacute;s 37.5 l&aacute;b k&ouml;z&ouml;tt. F&aacute;radjon el hozz&aacute;nk &Ouml;n is, &eacute;s legyen boldog el&eacute;gedett &uacute;j haj&oacute; tulajdonos. &lt;br \/&gt; Tov&aacute;bbi k&eacute;pek, r&eacute;szletek, virtu&aacute;lis utaz&aacute;s a gy&aacute;ri web oldalon.&lt;br \/&gt; https:\/\/stingrayboats.com\/models\/273cc-center-console\/<\/p>","protected":false},"featured_media":0,"template":"","meta":[],"product_cat":[138],"product_tag":[],"class_list":{"0":"post-4889","1":"product","2":"type-product","3":"status-publish","5":"product_cat-uj-hajok","7":"first","8":"instock","9":"shipping-taxable","10":"product-type-external"},"_links":{"self":[{"href":"https:\/\/mmarine.cloudsystems.hu\/sk\/wp-json\/wp\/v2\/product\/4889","targetHints":{"allow":["GET"]}}],"collection":[{"href":"https:\/\/mmarine.cloudsystems.hu\/sk\/wp-json\/wp\/v2\/product"}],"about":[{"href":"https:\/\/mmarine.cloudsystems.hu\/sk\/wp-json\/wp\/v2\/types\/product"}],"wp:attachment":[{"href":"https:\/\/mmarine.cloudsystems.hu\/sk\/wp-json\/wp\/v2\/media?parent=4889"}],"wp:term":[{"taxonomy":"product_cat","embeddable":true,"href":"https:\/\/mmarine.cloudsystems.hu\/sk\/wp-json\/wp\/v2\/product_cat?post=4889"},{"taxonomy":"product_tag","embeddable":true,"href":"https:\/\/mmarine.cloudsystems.hu\/sk\/wp-json\/wp\/v2\/product_tag?post=4889"}],"curies":[{"name":"wp","href":"https:\/\/api.w.org\/{rel}","templated":true}]}}