{"id":4897,"date":"2025-08-19T18:35:36","date_gmt":"2025-08-19T16:35:36","guid":{"rendered":"https:\/\/mmarine.cloudsystems.hu\/product\/842cu\/"},"modified":"2025-08-19T18:35:37","modified_gmt":"2025-08-19T16:35:37","slug":"842cu","status":"publish","type":"product","link":"https:\/\/mmarine.cloudsystems.hu\/sk\/produkt\/842cu\/","title":{"rendered":"842CU"},"content":{"rendered":"<p>Akci&oacute; Bayliner 842 CU motoros kishaj&oacute;.&lt;br \/&gt;<br \/>\nEl\u0151re egyeztetett id\u0151pontban Budapest ter\u00fclet\u00e9n kik\u00f6t\u0151ben megtekinthet\u0151. Els\u0151 tulajdonost\u00f3l, kit\u0171n\u0151 \u00e1llapotban. A kishaj\u00f3 extra felszerel\u00e9ssel rendelkezik ,t\u00f6bbek k\u00f6z\u00f6tt orrsug\u00e1r , 2db akkus rendszer, parti\u00e1ram csatlakoz\u00f3, korm\u00e1ny, elektromos horgonycs\u00f6rl\u0151, digit\u00e1lis m\u0171szerek, napoz\u00f3 p\u00e1rna az orr r\u00e9szre. Az ut\u00e1nfut\u00f3 690 000.-Ft,a v\u00e9tel\u00e1r nem tartalmazza.<\/p>","protected":false},"excerpt":{"rendered":"<p>Akci&oacute; Bayliner 842 CU motoros kishaj&oacute;.&lt;br \/&gt; El\u0151re egyeztetett id\u0151pontban Budapest ter&uuml;let&eacute;n kik&ouml;t\u0151ben megtekinthet\u0151. Els\u0151 tulajdonost&oacute;l, kit\u0171n\u0151 &aacute;llapotban. A kishaj&oacute; extra felszerel&eacute;ssel rendelkezik ,t&ouml;bbek k&ouml;z&ouml;tt orrsug&aacute;r , 2db akkus rendszer, parti&aacute;ram csatlakoz&oacute;, korm&aacute;ny, elektromos horgonycs&ouml;rl\u0151, digit&aacute;lis m\u0171szerek, napoz&oacute; p&aacute;rna az orr r&eacute;szre. Az ut&aacute;nfut&oacute; 690 000.-Ft,a v&eacute;tel&aacute;r nem tartalmazza.<\/p>","protected":false},"featured_media":4896,"template":"","meta":[],"product_cat":[142],"product_tag":[],"class_list":{"0":"post-4897","1":"product","2":"type-product","3":"status-publish","4":"has-post-thumbnail","6":"product_cat-hasznalt-hajok","8":"first","9":"outofstock","10":"shipping-taxable","11":"purchasable","12":"product-type-simple"},"_links":{"self":[{"href":"https:\/\/mmarine.cloudsystems.hu\/sk\/wp-json\/wp\/v2\/product\/4897","targetHints":{"allow":["GET"]}}],"collection":[{"href":"https:\/\/mmarine.cloudsystems.hu\/sk\/wp-json\/wp\/v2\/product"}],"about":[{"href":"https:\/\/mmarine.cloudsystems.hu\/sk\/wp-json\/wp\/v2\/types\/product"}],"wp:featuredmedia":[{"embeddable":true,"href":"https:\/\/mmarine.cloudsystems.hu\/sk\/wp-json\/wp\/v2\/media\/4896"}],"wp:attachment":[{"href":"https:\/\/mmarine.cloudsystems.hu\/sk\/wp-json\/wp\/v2\/media?parent=4897"}],"wp:term":[{"taxonomy":"product_cat","embeddable":true,"href":"https:\/\/mmarine.cloudsystems.hu\/sk\/wp-json\/wp\/v2\/product_cat?post=4897"},{"taxonomy":"product_tag","embeddable":true,"href":"https:\/\/mmarine.cloudsystems.hu\/sk\/wp-json\/wp\/v2\/product_tag?post=4897"}],"curies":[{"name":"wp","href":"https:\/\/api.w.org\/{rel}","templated":true}]}}