{"id":4916,"date":"2025-08-19T18:36:00","date_gmt":"2025-08-19T16:36:00","guid":{"rendered":"https:\/\/mmarine.cloudsystems.hu\/product\/falcon-br7\/"},"modified":"2025-08-19T18:36:00","modified_gmt":"2025-08-19T16:36:00","slug":"falcon-br7","status":"publish","type":"product","link":"https:\/\/mmarine.cloudsystems.hu\/sk\/produkt\/falcon-br7\/","title":{"rendered":"FALCON BR7"},"content":{"rendered":"<p>FALCON BR7&lt;br \/&gt;<br \/>\nNem tudja eld&ouml;nteni hogy mit szeretne? Ragaszkodik a j&oacute;l bev&aacute;lt alu testhez de nem szeretne lemondani a kompozit haj&oacute;k k&eacute;nyelm&eacute;r\u0151l? A Falcon haj&oacute; csal&aacute;dban tal&aacute;n megtal&aacute;lja az igazit. Az als&oacute; h&eacute;j er\u0151s&iacute;tett vastag alum&iacute;nium &iacute;gy k&ouml;nny\u0171, &eacute;s biztons&aacute;gos a fed&eacute;lzet viszont m&aacute;r &uuml;vegsz&aacute;l er\u0151s&iacute;t&eacute;ses k&eacute;nyelmes 6 f\u0151 &uuml;l\u0151 hely kialakithat&oacute;.&lt;br \/&gt;<br \/>\nK&eacute;rj&uuml;k tekintse meg a gy&aacute;ri web oldalt.&lt;br \/&gt;<\/p>\n<blockquote class=\"wp-embedded-content\" data-secret=\"yKVgCpRyrf\"><p><a href=\"https:\/\/falconboats.fi\/mallisto\/falcon-br-7\/\">Falcon BR 7<\/a><\/p><\/blockquote>\n<p><iframe class=\"wp-embedded-content\" sandbox=\"allow-scripts\" security=\"restricted\" style=\"position: absolute; visibility: hidden;\" title=\"&#8221;Falcon BR 7&#8221; &#8212; Falcon Boats\" src=\"https:\/\/falconboats.fi\/mallisto\/falcon-br-7\/embed\/#?secret=qt4bO4djxs#?secret=yKVgCpRyrf\" data-secret=\"yKVgCpRyrf\" width=\"600\" height=\"338\" frameborder=\"0\" marginwidth=\"0\" marginheight=\"0\" scrolling=\"no\"><\/iframe><\/p>","protected":false},"excerpt":{"rendered":"<p>FALCON BR7&lt;br \/&gt; Nem tudja eld&ouml;nteni hogy mit szeretne? Ragaszkodik a j&oacute;l bev&aacute;lt alu testhez de nem szeretne lemondani a kompozit haj&oacute;k k&eacute;nyelm&eacute;r\u0151l? A Falcon haj&oacute; csal&aacute;dban tal&aacute;n megtal&aacute;lja az igazit. Az als&oacute; h&eacute;j er\u0151s&iacute;tett vastag alum&iacute;nium &iacute;gy k&ouml;nny\u0171, &eacute;s biztons&aacute;gos a fed&eacute;lzet viszont m&aacute;r &uuml;vegsz&aacute;l er\u0151s&iacute;t&eacute;ses k&eacute;nyelmes 6 f\u0151 &uuml;l\u0151 hely kialakithat&oacute;.&lt;br \/&gt; K&eacute;rj&uuml;k tekintse meg a gy&aacute;ri web oldalt.&lt;br \/&gt; Falcon BR 7<\/p>","protected":false},"featured_media":0,"template":"","meta":[],"product_cat":[138],"product_tag":[],"class_list":{"0":"post-4916","1":"product","2":"type-product","3":"status-publish","5":"product_cat-uj-hajok","7":"first","8":"instock","9":"shipping-taxable","10":"product-type-external"},"_links":{"self":[{"href":"https:\/\/mmarine.cloudsystems.hu\/sk\/wp-json\/wp\/v2\/product\/4916","targetHints":{"allow":["GET"]}}],"collection":[{"href":"https:\/\/mmarine.cloudsystems.hu\/sk\/wp-json\/wp\/v2\/product"}],"about":[{"href":"https:\/\/mmarine.cloudsystems.hu\/sk\/wp-json\/wp\/v2\/types\/product"}],"wp:attachment":[{"href":"https:\/\/mmarine.cloudsystems.hu\/sk\/wp-json\/wp\/v2\/media?parent=4916"}],"wp:term":[{"taxonomy":"product_cat","embeddable":true,"href":"https:\/\/mmarine.cloudsystems.hu\/sk\/wp-json\/wp\/v2\/product_cat?post=4916"},{"taxonomy":"product_tag","embeddable":true,"href":"https:\/\/mmarine.cloudsystems.hu\/sk\/wp-json\/wp\/v2\/product_tag?post=4916"}],"curies":[{"name":"wp","href":"https:\/\/api.w.org\/{rel}","templated":true}]}}